{"id":43513,"date":"2025-06-03T14:43:11","date_gmt":"2025-06-03T12:43:11","guid":{"rendered":"https:\/\/dev.dwgtrading.com\/404-seite\/"},"modified":"2026-02-09T15:05:46","modified_gmt":"2026-02-09T14:05:46","slug":"404-seite","status":"publish","type":"page","link":"https:\/\/dwgtrading.com\/de\/404-seite\/","title":{"rendered":"404 Seite"},"content":{"rendered":"<div class=\"wpb-content-wrapper\"><p>[vc_section woodmart_stretch_content=&#8220;section-stretch&#8220; woodmart_css_id=&#8220;683eed8c09697&#8243; responsive_spacing=&#8220;eyJwYXJhbV90eXBlIjoid29vZG1hcnRfcmVzcG9uc2l2ZV9zcGFjaW5nIiwic2VsZWN0b3JfaWQiOiI2ODNlZWQ4YzA5Njk3Iiwic2hvcnRjb2RlIjoidmNfc2VjdGlvbiIsImRhdGEiOnsidGFibGV0Ijp7InBhZGRpbmctYm90dG9tIjoiMHB4In0sIm1vYmlsZSI6eyJwYWRkaW5nLWJvdHRvbSI6IjBweCJ9fX0=&#8220; mobile_bg_img_hidden=&#8220;no&#8220; tablet_bg_img_hidden=&#8220;no&#8220; woodmart_parallax=&#8220;0&#8243; woodmart_gradient_switch=&#8220;no&#8220; woodmart_box_shadow=&#8220;no&#8220; wd_z_index=&#8220;no&#8220; woodmart_disable_overflow=&#8220;0&#8243; css=&#8220;.vc_custom_1748954511626{margin-top: 40px !important;padding-top: 0px !important;padding-bottom: 20px !important;background-color: #FF33FF00 !important;}&#8220;][vc_row][vc_column]\t\t\t<div class=\"info-box-wrapper\">\n\t\t\t\t<div id=\"wd-683eedd72edcb\" class=\" wd-rs-683eedd72edcb wd-info-box wd-wpb text-center box-icon-align-top box-style-border color-scheme- wd-bg-none with-btn box-btn-static \">\n\t\t\t\t\t\t\t\t\t\t\t<div class=\"box-icon-wrapper  box-with-icon box-icon-simple\">\n\t\t\t\t\t\t\t<div class=\"info-box-icon\">\n\t\t\t\t\t\t\t\t<div class=\"info-svg-wrapper\" style=\"width: 506px;height: 404px;\"><img decoding=\"async\"  src=\"https:\/\/dwgtrading.com\/wp-content\/uploads\/2025\/06\/404-logo.svg\" title=\"404 logo\" loading=\"lazy\" width=\"506\" height=\"404\"><\/div>\t\t\t\t\t\t\t<\/div>\n\t\t\t\t\t\t<\/div>\n\t\t\t\t\t\t\t\t\t\t<div class=\"info-box-content\">\n\t\t\t\t\t\t<h4 class=\"info-box-title title box-title-style-default wd-fontsize-m\">Seite nicht gefunden<\/h4>\t\t\t\t\t\t<div class=\"info-box-inner reset-last-child\"><p>Es sieht so aus, als ob die Seite, die Sie suchen, verschoben wurde oder nicht (mehr) existiert.<br \/>\nNavigieren Sie \u00fcber das Hauptmen\u00fc zu der Seite, die Sie suchen, sehen Sie sich unsere Produkte an oder kehren Sie zur Startseite zur\u00fcck.<\/p>\n<\/div>\n\n\t\t\t\t\t\t<div class=\"info-btn-wrapper\"><div id=\"wd-69fb508b100a7\" class=\"  wd-button-wrapper text-center\"><a href=\"https:\/\/dev.dwgtrading.com\/de\/\" title=\"Startseite\" class=\"btn btn-color-alt btn-style-default btn-shape-round btn-size-default btn-icon-pos-right\">HOMEPAGINA<span class=\"wd-btn-icon\"><span class=\"wd-icon fa fa-solid fa-fan\"><\/span><\/span><\/a><\/div><\/div>\t\t\t\t\t<\/div>\n\n\t\t\t\t\t\n\t\t\t\t\t<style><\/style>\t\t\t\t<\/div>\n\t\t\t<\/div>\n\t\t[\/vc_column][\/vc_row][\/vc_section]<\/p>\n<\/div>","protected":false},"excerpt":{"rendered":"<p>[vc_section woodmart_stretch_content=&#8220;section-stretch&#8220; woodmart_css_id=&#8220;683eed8c09697&#8243; responsive_spacing=&#8220;eyJwYXJhbV90eXBlIjoid29vZG1hcnRfcmVzcG9uc2l2ZV9zcGFjaW5nIiwic2VsZWN0b3JfaWQiOiI2ODNlZWQ4YzA5Njk3Iiwic2hvcnRjb2RlIjoidmNfc2VjdGlvbiIsImRhdGEiOnsidGFibGV0Ijp7InBhZGRpbmctYm90dG9tIjoiMHB4In0sIm1vYmlsZSI6eyJwYWRkaW5nLWJvdHRvbSI6IjBweCJ9fX0=&#8220; mobile_bg_img_hidden=&#8220;no&#8220; tablet_bg_img_hidden=&#8220;no&#8220; woodmart_parallax=&#8220;0&#8243; woodmart_gradient_switch=&#8220;no&#8220; woodmart_box_shadow=&#8220;no&#8220; wd_z_index=&#8220;no&#8220; woodmart_disable_overflow=&#8220;0&#8243; css=&#8220;.vc_custom_1748954511626{margin-top: 40px !important;padding-top: 0px !important;padding-bottom: 20px !important;background-color: #FF33FF00 !important;}&#8220;][vc_row][vc_column][\/vc_column][\/vc_row][\/vc_section]<\/p>\n","protected":false},"author":3,"featured_media":0,"parent":0,"menu_order":0,"comment_status":"closed","ping_status":"closed","template":"","meta":{"footnotes":""},"class_list":["post-43513","page","type-page","status-publish","hentry"],"yoast_head":"<!-- This site is optimized with the Yoast SEO plugin v27.5 - https:\/\/yoast.com\/product\/yoast-seo-wordpress\/ -->\n<title>404 Seite - DWG Trading<\/title>\n<meta name=\"robots\" content=\"index, follow, max-snippet:-1, max-image-preview:large, max-video-preview:-1\" \/>\n<link rel=\"canonical\" href=\"https:\/\/dwgtrading.com\/de\/404-seite\/\" \/>\n<meta property=\"og:locale\" content=\"de_DE\" \/>\n<meta property=\"og:type\" content=\"article\" \/>\n<meta property=\"og:title\" content=\"404 Seite - DWG Trading\" \/>\n<meta property=\"og:description\" content=\"[vc_section woodmart_stretch_content=&#8220;section-stretch&#8220; woodmart_css_id=&#8220;683eed8c09697&#8243; responsive_spacing=&#8220;eyJwYXJhbV90eXBlIjoid29vZG1hcnRfcmVzcG9uc2l2ZV9zcGFjaW5nIiwic2VsZWN0b3JfaWQiOiI2ODNlZWQ4YzA5Njk3Iiwic2hvcnRjb2RlIjoidmNfc2VjdGlvbiIsImRhdGEiOnsidGFibGV0Ijp7InBhZGRpbmctYm90dG9tIjoiMHB4In0sIm1vYmlsZSI6eyJwYWRkaW5nLWJvdHRvbSI6IjBweCJ9fX0=&#8220; mobile_bg_img_hidden=&#8220;no&#8220; tablet_bg_img_hidden=&#8220;no&#8220; woodmart_parallax=&#8220;0&#8243; woodmart_gradient_switch=&#8220;no&#8220; woodmart_box_shadow=&#8220;no&#8220; wd_z_index=&#8220;no&#8220; woodmart_disable_overflow=&#8220;0&#8243; css=&#8220;.vc_custom_1748954511626{margin-top: 40px !important;padding-top: 0px !important;padding-bottom: 20px !important;background-color: #FF33FF00 !important;}&#8220;][vc_row][vc_column][\/vc_column][\/vc_row][\/vc_section]\" \/>\n<meta property=\"og:url\" content=\"https:\/\/dwgtrading.com\/de\/404-seite\/\" \/>\n<meta property=\"og:site_name\" content=\"DWG Trading\" \/>\n<meta property=\"article:modified_time\" content=\"2026-02-09T14:05:46+00:00\" \/>\n<meta name=\"twitter:card\" content=\"summary_large_image\" \/>\n<meta name=\"twitter:label1\" content=\"Gesch\u00e4tzte Lesezeit\" \/>\n\t<meta name=\"twitter:data1\" content=\"2\u00a0Minuten\" \/>\n<script type=\"application\/ld+json\" class=\"yoast-schema-graph\">{\"@context\":\"https:\\\/\\\/schema.org\",\"@graph\":[{\"@type\":\"WebPage\",\"@id\":\"https:\\\/\\\/dwgtrading.com\\\/de\\\/404-seite\\\/\",\"url\":\"https:\\\/\\\/dwgtrading.com\\\/de\\\/404-seite\\\/\",\"name\":\"404 Seite - DWG Trading\",\"isPartOf\":{\"@id\":\"https:\\\/\\\/dwgtrading.com\\\/de\\\/#website\"},\"datePublished\":\"2025-06-03T12:43:11+00:00\",\"dateModified\":\"2026-02-09T14:05:46+00:00\",\"breadcrumb\":{\"@id\":\"https:\\\/\\\/dwgtrading.com\\\/de\\\/404-seite\\\/#breadcrumb\"},\"inLanguage\":\"de\",\"potentialAction\":[{\"@type\":\"ReadAction\",\"target\":[\"https:\\\/\\\/dwgtrading.com\\\/de\\\/404-seite\\\/\"]}]},{\"@type\":\"BreadcrumbList\",\"@id\":\"https:\\\/\\\/dwgtrading.com\\\/de\\\/404-seite\\\/#breadcrumb\",\"itemListElement\":[{\"@type\":\"ListItem\",\"position\":1,\"name\":\"Home\",\"item\":\"https:\\\/\\\/dwgtrading.com\\\/de\\\/\"},{\"@type\":\"ListItem\",\"position\":2,\"name\":\"404 Seite\"}]},{\"@type\":\"WebSite\",\"@id\":\"https:\\\/\\\/dwgtrading.com\\\/de\\\/#website\",\"url\":\"https:\\\/\\\/dwgtrading.com\\\/de\\\/\",\"name\":\"DWG Trading\",\"description\":\"DWG-supplies &amp; services\",\"potentialAction\":[{\"@type\":\"SearchAction\",\"target\":{\"@type\":\"EntryPoint\",\"urlTemplate\":\"https:\\\/\\\/dwgtrading.com\\\/de\\\/?s={search_term_string}\"},\"query-input\":{\"@type\":\"PropertyValueSpecification\",\"valueRequired\":true,\"valueName\":\"search_term_string\"}}],\"inLanguage\":\"de\"}]}<\/script>\n<!-- \/ Yoast SEO plugin. -->","yoast_head_json":{"title":"404 Seite - DWG Trading","robots":{"index":"index","follow":"follow","max-snippet":"max-snippet:-1","max-image-preview":"max-image-preview:large","max-video-preview":"max-video-preview:-1"},"canonical":"https:\/\/dwgtrading.com\/de\/404-seite\/","og_locale":"de_DE","og_type":"article","og_title":"404 Seite - DWG Trading","og_description":"[vc_section woodmart_stretch_content=&#8220;section-stretch&#8220; woodmart_css_id=&#8220;683eed8c09697&#8243; responsive_spacing=&#8220;eyJwYXJhbV90eXBlIjoid29vZG1hcnRfcmVzcG9uc2l2ZV9zcGFjaW5nIiwic2VsZWN0b3JfaWQiOiI2ODNlZWQ4YzA5Njk3Iiwic2hvcnRjb2RlIjoidmNfc2VjdGlvbiIsImRhdGEiOnsidGFibGV0Ijp7InBhZGRpbmctYm90dG9tIjoiMHB4In0sIm1vYmlsZSI6eyJwYWRkaW5nLWJvdHRvbSI6IjBweCJ9fX0=&#8220; mobile_bg_img_hidden=&#8220;no&#8220; tablet_bg_img_hidden=&#8220;no&#8220; woodmart_parallax=&#8220;0&#8243; woodmart_gradient_switch=&#8220;no&#8220; woodmart_box_shadow=&#8220;no&#8220; wd_z_index=&#8220;no&#8220; woodmart_disable_overflow=&#8220;0&#8243; css=&#8220;.vc_custom_1748954511626{margin-top: 40px !important;padding-top: 0px !important;padding-bottom: 20px !important;background-color: #FF33FF00 !important;}&#8220;][vc_row][vc_column][\/vc_column][\/vc_row][\/vc_section]","og_url":"https:\/\/dwgtrading.com\/de\/404-seite\/","og_site_name":"DWG Trading","article_modified_time":"2026-02-09T14:05:46+00:00","twitter_card":"summary_large_image","twitter_misc":{"Gesch\u00e4tzte Lesezeit":"2\u00a0Minuten"},"schema":{"@context":"https:\/\/schema.org","@graph":[{"@type":"WebPage","@id":"https:\/\/dwgtrading.com\/de\/404-seite\/","url":"https:\/\/dwgtrading.com\/de\/404-seite\/","name":"404 Seite - DWG Trading","isPartOf":{"@id":"https:\/\/dwgtrading.com\/de\/#website"},"datePublished":"2025-06-03T12:43:11+00:00","dateModified":"2026-02-09T14:05:46+00:00","breadcrumb":{"@id":"https:\/\/dwgtrading.com\/de\/404-seite\/#breadcrumb"},"inLanguage":"de","potentialAction":[{"@type":"ReadAction","target":["https:\/\/dwgtrading.com\/de\/404-seite\/"]}]},{"@type":"BreadcrumbList","@id":"https:\/\/dwgtrading.com\/de\/404-seite\/#breadcrumb","itemListElement":[{"@type":"ListItem","position":1,"name":"Home","item":"https:\/\/dwgtrading.com\/de\/"},{"@type":"ListItem","position":2,"name":"404 Seite"}]},{"@type":"WebSite","@id":"https:\/\/dwgtrading.com\/de\/#website","url":"https:\/\/dwgtrading.com\/de\/","name":"DWG Trading","description":"DWG-supplies &amp; services","potentialAction":[{"@type":"SearchAction","target":{"@type":"EntryPoint","urlTemplate":"https:\/\/dwgtrading.com\/de\/?s={search_term_string}"},"query-input":{"@type":"PropertyValueSpecification","valueRequired":true,"valueName":"search_term_string"}}],"inLanguage":"de"}]}},"_links":{"self":[{"href":"https:\/\/dwgtrading.com\/de\/wp-json\/wp\/v2\/pages\/43513","targetHints":{"allow":["GET"]}}],"collection":[{"href":"https:\/\/dwgtrading.com\/de\/wp-json\/wp\/v2\/pages"}],"about":[{"href":"https:\/\/dwgtrading.com\/de\/wp-json\/wp\/v2\/types\/page"}],"author":[{"embeddable":true,"href":"https:\/\/dwgtrading.com\/de\/wp-json\/wp\/v2\/users\/3"}],"replies":[{"embeddable":true,"href":"https:\/\/dwgtrading.com\/de\/wp-json\/wp\/v2\/comments?post=43513"}],"version-history":[{"count":2,"href":"https:\/\/dwgtrading.com\/de\/wp-json\/wp\/v2\/pages\/43513\/revisions"}],"predecessor-version":[{"id":43515,"href":"https:\/\/dwgtrading.com\/de\/wp-json\/wp\/v2\/pages\/43513\/revisions\/43515"}],"wp:attachment":[{"href":"https:\/\/dwgtrading.com\/de\/wp-json\/wp\/v2\/media?parent=43513"}],"curies":[{"name":"wp","href":"https:\/\/api.w.org\/{rel}","templated":true}]}}