{"id":43575,"date":"2025-03-18T17:07:16","date_gmt":"2025-03-18T16:07:16","guid":{"rendered":"https:\/\/dev.dwgtrading.com\/wartung\/"},"modified":"2026-02-09T16:17:14","modified_gmt":"2026-02-09T15:17:14","slug":"wartung","status":"publish","type":"page","link":"https:\/\/dwgtrading.com\/de\/wartung\/","title":{"rendered":"Wartung"},"content":{"rendered":"<div class=\"wpb-content-wrapper\"><p>[vc_row full_width=&#8220;stretch_row&#8220; full_height=&#8220;yes&#8220; content_placement=&#8220;middle&#8220; css=&#8220;.vc_custom_1611846780988{padding-top: 20px !important;padding-right: 20px !important;padding-bottom: 20px !important;padding-left: 20px !important;background-color: #f2f2f2 !important;}&#8220; mobile_bg_img_hidden=&#8220;no&#8220; tablet_bg_img_hidden=&#8220;no&#8220; woodmart_parallax=&#8220;0&#8243; woodmart_gradient_switch=&#8220;no&#8220; row_reverse_mobile=&#8220;0&#8243; row_reverse_tablet=&#8220;0&#8243; woodmart_disable_overflow=&#8220;0&#8243;][vc_column width=&#8220;5\/6&#8243; css=&#8220;.vc_custom_1612352371367{margin-top: 15px !important;padding-top: 40px !important;padding-right: 50px !important;padding-bottom: 40px !important;padding-left: 50px !important;background-color: #ffffff !important;border-radius: 5px !important;}&#8220; offset=&#8220;vc_col-lg-offset-3 vc_col-lg-6 vc_col-md-offset-2 vc_col-md-8 vc_col-sm-offset-1&#8243; mobile_bg_img_hidden=&#8220;no&#8220; tablet_bg_img_hidden=&#8220;no&#8220; woodmart_parallax=&#8220;0&#8243; woodmart_sticky_column=&#8220;false&#8220; parallax_scroll=&#8220;no&#8220; mobile_reset_margin=&#8220;no&#8220; tablet_reset_margin=&#8220;no&#8220; el_class=&#8220;maintenance-drop-shadow&#8220;][vc_single_image source=&#8220;external_link&#8220; external_img_size=&#8220;full&#8220; alignment=&#8220;center&#8220; custom_src=&#8220;https:\/\/www.madoo.nl\/wp-content\/uploads\/2021\/02\/Onderhoudsmodus.svg&#8220; parallax_scroll=&#8220;no&#8220;][vc_raw_html]PHN0eWxlPi5tYWludGVuYW5jZS1kcm9wLXNoYWRvdyAudmNfY29sdW1uLWlubmVye2JveC1zaGFkb3c6IDBweCAxMHB4IDUwcHggMCByZ2JhKDAsIDAsIDAsIDAuMik7fSAubWFpbnRlbmFuY2UtZHJvcC1zaGFkb3cgaW1ne3dpZHRoOiAzMDBweDt9PC9zdHlsZT4=[\/vc_raw_html][vc_custom_heading text=&#8220;WIR ARBEITEN AUF DIESER WEBSITE&#8220; font_container=&#8220;tag:h1|font_size:32px|text_align:center&#8220; google_fonts=&#8220;font_family:Open%20Sans%3A300%2C300italic%2Cregular%2Citalic%2C600%2C600italic%2C700%2C700italic%2C800%2C800italic|font_style:700%20bold%20regular%3A700%3Anormal&#8220; css=&#8220;.vc_custom_1611846828287{margin-bottom: 0px !important;}&#8220;][vc_custom_heading text=&#8220;KOM SNEL TERUG&#8220; font_container=&#8220;tag:h2|font_size:28px|text_align:center|color:%230071bc&#8220; google_fonts=&#8220;font_family:Open%20Sans%3A300%2C300italic%2Cregular%2Citalic%2C600%2C600italic%2C700%2C700italic%2C800%2C800italic|font_style:700%20bold%20regular%3A700%3Anormal&#8220; css=&#8220;.vc_custom_1612352327217{margin-bottom: 10px !important;}&#8220;][vc_custom_heading text=&#8220;Sehen Sie in der \u00dcbersicht die Websites, die wir f\u00fcr Sie ge\u00f6ffnet haben. Da sind wir ganz sch\u00f6n aufgeregt! &#8220; font_container=&#8220;tag:p|font_size:16|text_align:center|color:%23777777&#8243; google_fonts=&#8220;font_family:Open%20Sans%3A300%2C300italic%2Cregular%2Citalic%2C600%2C600italic%2C700%2C700italic%2C800%2C800italic|font_style:400%20regular%3A400%3Anormal&#8220;]<div id=\"wd-6012d58df3007\" class=\" wd-rs-6012d58df3007  wd-button-wrapper text-center\"><a href=\"https:\/\/www.madoo.nl\/portfolio\/\" title=\"Bekijk ons portfolio\" rel=\"nofollow\" style=\"--btn-color:#fff;--btn-color-hover:#fff;\" class=\"btn btn-style-default btn-shape-semi-round btn-size-extra-large\">BEKIJK ONS PORTFOLIO<\/a><\/div>[\/vc_column][vc_column mobile_bg_img_hidden=&#8220;no&#8220; tablet_bg_img_hidden=&#8220;no&#8220; woodmart_parallax=&#8220;0&#8243; woodmart_sticky_column=&#8220;false&#8220; parallax_scroll=&#8220;no&#8220; mobile_reset_margin=&#8220;no&#8220; tablet_reset_margin=&#8220;no&#8220; css=&#8220;.vc_custom_1612352395906{padding-top: 20px !important;}&#8220;][vc_column_text css=&#8220;.vc_custom_1742314028509{margin-bottom: 0px !important;}&#8220; woodmart_color_scheme=&#8220;dark&#8220; text_larger=&#8220;no&#8220; woodmart_inline=&#8220;no&#8220;]<\/p>\n<p style=\"text-align: center;\"><a href=\"\/wp-admin\/\">Auf der Website anmelden<\/a><\/p>\n<p>[\/vc_column_text][\/vc_column][\/vc_row]<\/p>\n<\/div>","protected":false},"excerpt":{"rendered":"<p>[vc_row full_width=&#8220;stretch_row&#8220; full_height=&#8220;yes&#8220; content_placement=&#8220;middle&#8220; css=&#8220;.vc_custom_1611846780988{padding-top: 20px !important;padding-right: 20px !important;padding-bottom: 20px !important;padding-left: 20px !important;background-color: #f2f2f2 !important;}&#8220; mobile_bg_img_hidden=&#8220;no&#8220; tablet_bg_img_hidden=&#8220;no&#8220; woodmart_parallax=&#8220;0&#8243; woodmart_gradient_switch=&#8220;no&#8220; row_reverse_mobile=&#8220;0&#8243;<\/p>\n","protected":false},"author":2,"featured_media":0,"parent":0,"menu_order":0,"comment_status":"closed","ping_status":"closed","template":"maintenance.php","meta":{"footnotes":""},"class_list":["post-43575","page","type-page","status-publish","hentry"],"yoast_head":"<!-- This site is optimized with the Yoast SEO plugin v27.5 - https:\/\/yoast.com\/product\/yoast-seo-wordpress\/ -->\n<title>Wartung - DWG Trading<\/title>\n<meta name=\"robots\" content=\"index, follow, max-snippet:-1, max-image-preview:large, max-video-preview:-1\" \/>\n<link rel=\"canonical\" href=\"https:\/\/dwgtrading.com\/de\/wartung\/\" \/>\n<meta property=\"og:locale\" content=\"de_DE\" \/>\n<meta property=\"og:type\" content=\"article\" \/>\n<meta property=\"og:title\" content=\"Wartung - DWG Trading\" \/>\n<meta property=\"og:description\" content=\"[vc_row full_width=&#8220;stretch_row&#8220; full_height=&#8220;yes&#8220; content_placement=&#8220;middle&#8220; css=&#8220;.vc_custom_1611846780988{padding-top: 20px !important;padding-right: 20px !important;padding-bottom: 20px !important;padding-left: 20px !important;background-color: #f2f2f2 !important;}&#8220; mobile_bg_img_hidden=&#8220;no&#8220; tablet_bg_img_hidden=&#8220;no&#8220; woodmart_parallax=&#8220;0&#8243; woodmart_gradient_switch=&#8220;no&#8220; row_reverse_mobile=&#8220;0&#8243;\" \/>\n<meta property=\"og:url\" content=\"https:\/\/dwgtrading.com\/de\/wartung\/\" \/>\n<meta property=\"og:site_name\" content=\"DWG Trading\" \/>\n<meta property=\"article:modified_time\" content=\"2026-02-09T15:17:14+00:00\" \/>\n<meta name=\"twitter:card\" content=\"summary_large_image\" \/>\n<meta name=\"twitter:label1\" content=\"Gesch\u00e4tzte Lesezeit\" \/>\n\t<meta name=\"twitter:data1\" content=\"3\u00a0Minuten\" \/>\n<script type=\"application\/ld+json\" class=\"yoast-schema-graph\">{\"@context\":\"https:\\\/\\\/schema.org\",\"@graph\":[{\"@type\":\"WebPage\",\"@id\":\"https:\\\/\\\/dwgtrading.com\\\/de\\\/wartung\\\/\",\"url\":\"https:\\\/\\\/dwgtrading.com\\\/de\\\/wartung\\\/\",\"name\":\"Wartung - DWG Trading\",\"isPartOf\":{\"@id\":\"https:\\\/\\\/dwgtrading.com\\\/de\\\/#website\"},\"datePublished\":\"2025-03-18T16:07:16+00:00\",\"dateModified\":\"2026-02-09T15:17:14+00:00\",\"breadcrumb\":{\"@id\":\"https:\\\/\\\/dwgtrading.com\\\/de\\\/wartung\\\/#breadcrumb\"},\"inLanguage\":\"de\",\"potentialAction\":[{\"@type\":\"ReadAction\",\"target\":[\"https:\\\/\\\/dwgtrading.com\\\/de\\\/wartung\\\/\"]}]},{\"@type\":\"BreadcrumbList\",\"@id\":\"https:\\\/\\\/dwgtrading.com\\\/de\\\/wartung\\\/#breadcrumb\",\"itemListElement\":[{\"@type\":\"ListItem\",\"position\":1,\"name\":\"Home\",\"item\":\"https:\\\/\\\/dwgtrading.com\\\/de\\\/\"},{\"@type\":\"ListItem\",\"position\":2,\"name\":\"Wartung\"}]},{\"@type\":\"WebSite\",\"@id\":\"https:\\\/\\\/dwgtrading.com\\\/de\\\/#website\",\"url\":\"https:\\\/\\\/dwgtrading.com\\\/de\\\/\",\"name\":\"DWG Trading\",\"description\":\"DWG-supplies &amp; services\",\"potentialAction\":[{\"@type\":\"SearchAction\",\"target\":{\"@type\":\"EntryPoint\",\"urlTemplate\":\"https:\\\/\\\/dwgtrading.com\\\/de\\\/?s={search_term_string}\"},\"query-input\":{\"@type\":\"PropertyValueSpecification\",\"valueRequired\":true,\"valueName\":\"search_term_string\"}}],\"inLanguage\":\"de\"}]}<\/script>\n<!-- \/ Yoast SEO plugin. -->","yoast_head_json":{"title":"Wartung - DWG Trading","robots":{"index":"index","follow":"follow","max-snippet":"max-snippet:-1","max-image-preview":"max-image-preview:large","max-video-preview":"max-video-preview:-1"},"canonical":"https:\/\/dwgtrading.com\/de\/wartung\/","og_locale":"de_DE","og_type":"article","og_title":"Wartung - DWG Trading","og_description":"[vc_row full_width=&#8220;stretch_row&#8220; full_height=&#8220;yes&#8220; content_placement=&#8220;middle&#8220; css=&#8220;.vc_custom_1611846780988{padding-top: 20px !important;padding-right: 20px !important;padding-bottom: 20px !important;padding-left: 20px !important;background-color: #f2f2f2 !important;}&#8220; mobile_bg_img_hidden=&#8220;no&#8220; tablet_bg_img_hidden=&#8220;no&#8220; woodmart_parallax=&#8220;0&#8243; woodmart_gradient_switch=&#8220;no&#8220; row_reverse_mobile=&#8220;0&#8243;","og_url":"https:\/\/dwgtrading.com\/de\/wartung\/","og_site_name":"DWG Trading","article_modified_time":"2026-02-09T15:17:14+00:00","twitter_card":"summary_large_image","twitter_misc":{"Gesch\u00e4tzte Lesezeit":"3\u00a0Minuten"},"schema":{"@context":"https:\/\/schema.org","@graph":[{"@type":"WebPage","@id":"https:\/\/dwgtrading.com\/de\/wartung\/","url":"https:\/\/dwgtrading.com\/de\/wartung\/","name":"Wartung - DWG Trading","isPartOf":{"@id":"https:\/\/dwgtrading.com\/de\/#website"},"datePublished":"2025-03-18T16:07:16+00:00","dateModified":"2026-02-09T15:17:14+00:00","breadcrumb":{"@id":"https:\/\/dwgtrading.com\/de\/wartung\/#breadcrumb"},"inLanguage":"de","potentialAction":[{"@type":"ReadAction","target":["https:\/\/dwgtrading.com\/de\/wartung\/"]}]},{"@type":"BreadcrumbList","@id":"https:\/\/dwgtrading.com\/de\/wartung\/#breadcrumb","itemListElement":[{"@type":"ListItem","position":1,"name":"Home","item":"https:\/\/dwgtrading.com\/de\/"},{"@type":"ListItem","position":2,"name":"Wartung"}]},{"@type":"WebSite","@id":"https:\/\/dwgtrading.com\/de\/#website","url":"https:\/\/dwgtrading.com\/de\/","name":"DWG Trading","description":"DWG-supplies &amp; services","potentialAction":[{"@type":"SearchAction","target":{"@type":"EntryPoint","urlTemplate":"https:\/\/dwgtrading.com\/de\/?s={search_term_string}"},"query-input":{"@type":"PropertyValueSpecification","valueRequired":true,"valueName":"search_term_string"}}],"inLanguage":"de"}]}},"_links":{"self":[{"href":"https:\/\/dwgtrading.com\/de\/wp-json\/wp\/v2\/pages\/43575","targetHints":{"allow":["GET"]}}],"collection":[{"href":"https:\/\/dwgtrading.com\/de\/wp-json\/wp\/v2\/pages"}],"about":[{"href":"https:\/\/dwgtrading.com\/de\/wp-json\/wp\/v2\/types\/page"}],"author":[{"embeddable":true,"href":"https:\/\/dwgtrading.com\/de\/wp-json\/wp\/v2\/users\/2"}],"replies":[{"embeddable":true,"href":"https:\/\/dwgtrading.com\/de\/wp-json\/wp\/v2\/comments?post=43575"}],"version-history":[{"count":2,"href":"https:\/\/dwgtrading.com\/de\/wp-json\/wp\/v2\/pages\/43575\/revisions"}],"predecessor-version":[{"id":43577,"href":"https:\/\/dwgtrading.com\/de\/wp-json\/wp\/v2\/pages\/43575\/revisions\/43577"}],"wp:attachment":[{"href":"https:\/\/dwgtrading.com\/de\/wp-json\/wp\/v2\/media?parent=43575"}],"curies":[{"name":"wp","href":"https:\/\/api.w.org\/{rel}","templated":true}]}}