{"id":43600,"date":"2025-03-20T14:09:47","date_gmt":"2025-03-20T13:09:47","guid":{"rendered":"https:\/\/dev.dwgtrading.com\/kaufen\/"},"modified":"2026-02-09T16:23:27","modified_gmt":"2026-02-09T15:23:27","slug":"kaufen","status":"publish","type":"page","link":"https:\/\/dwgtrading.com\/de\/kaufen\/","title":{"rendered":"Kaufen"},"content":{"rendered":"<div class=\"wpb-content-wrapper\"><p>[vc_section woodmart_stretch_content=&#8220;section-stretch&#8220; woodmart_css_id=&#8220;6864fa688a1ee&#8220; responsive_spacing=&#8220;eyJwYXJhbV90eXBlIjoid29vZG1hcnRfcmVzcG9uc2l2ZV9zcGFjaW5nIiwic2VsZWN0b3JfaWQiOiI2ODY0ZmE2ODhhMWVlIiwic2hvcnRjb2RlIjoidmNfc2VjdGlvbiIsImRhdGEiOnsidGFibGV0Ijp7InBhZGRpbmctYm90dG9tIjoiMHB4In0sIm1vYmlsZSI6eyJwYWRkaW5nLWJvdHRvbSI6IjBweCJ9fX0=&#8220; mobile_bg_img_hidden=&#8220;no&#8220; tablet_bg_img_hidden=&#8220;no&#8220; woodmart_parallax=&#8220;0&#8243; woodmart_gradient_switch=&#8220;no&#8220; woodmart_box_shadow=&#8220;no&#8220; wd_z_index=&#8220;no&#8220; woodmart_disable_overflow=&#8220;0&#8243; css=&#8220;.vc_custom_1751448177043{padding-bottom: 20px !important;background-color: #F3F3F3 !important;}&#8220; el_id=&#8220;top&#8220;][vc_row css=&#8220;.vc_custom_1742824586723{margin-bottom: 40px !important;background-color: #FFFFFF00 !important;}&#8220; woodmart_css_id=&#8220;67e1648709078&#8243; responsive_spacing=&#8220;eyJwYXJhbV90eXBlIjoid29vZG1hcnRfcmVzcG9uc2l2ZV9zcGFjaW5nIiwic2VsZWN0b3JfaWQiOiI2N2UxNjQ4NzA5MDc4Iiwic2hvcnRjb2RlIjoidmNfcm93IiwiZGF0YSI6eyJ0YWJsZXQiOnt9LCJtb2JpbGUiOnt9fX0=&#8220; mobile_bg_img_hidden=&#8220;no&#8220; tablet_bg_img_hidden=&#8220;no&#8220; woodmart_parallax=&#8220;0&#8243; woodmart_gradient_switch=&#8220;no&#8220; woodmart_box_shadow=&#8220;no&#8220; wd_z_index=&#8220;no&#8220; woodmart_disable_overflow=&#8220;0&#8243; row_reverse_mobile=&#8220;0&#8243; row_reverse_tablet=&#8220;0&#8243;][vc_column woodmart_css_id=&#8220;67e27fb7e6230&#8243; parallax_scroll=&#8220;no&#8220; woodmart_sticky_column=&#8220;false&#8220; wd_collapsible_content_switcher=&#8220;no&#8220; wd_column_role_offcanvas_desktop=&#8220;no&#8220; wd_column_role_offcanvas_tablet=&#8220;no&#8220; wd_column_role_offcanvas_mobile=&#8220;no&#8220; wd_column_role_content_desktop=&#8220;no&#8220; wd_column_role_content_tablet=&#8220;no&#8220; wd_column_role_content_mobile=&#8220;no&#8220; mobile_bg_img_hidden=&#8220;no&#8220; tablet_bg_img_hidden=&#8220;no&#8220; woodmart_parallax=&#8220;0&#8243; woodmart_box_shadow=&#8220;no&#8220; responsive_spacing=&#8220;eyJwYXJhbV90eXBlIjoid29vZG1hcnRfcmVzcG9uc2l2ZV9zcGFjaW5nIiwic2VsZWN0b3JfaWQiOiI2N2UyN2ZiN2U2MjMwIiwic2hvcnRjb2RlIjoidmNfY29sdW1uIiwiZGF0YSI6eyJ0YWJsZXQiOnt9LCJtb2JpbGUiOnt9fX0=&#8220; mobile_reset_margin=&#8220;no&#8220; tablet_reset_margin=&#8220;no&#8220; wd_z_index=&#8220;no&#8220; css=&#8220;.vc_custom_1742897083304{padding-top: 0px !important;}&#8220;]\n\t\t<div id=\"wd-697c795bf0098\" class=\"title-wrapper wd-wpb wd-set-mb reset-last-child  wd-rs-697c795bf0098 wd-title-color-default wd-title-style-default text-center  wd-underline-colored\">\n\t\t\t\n\t\t\t<div class=\"liner-continer\">\n\t\t\t\t<h3 class=\"woodmart-title-container title  wd-font-weight- wd-fontsize-xxxl\" >Kaufen<\/h3>\n\t\t\t\t\t\t\t<\/div>\n\t\t\t\n\t\t\t\t\t\t\t<div class=\"title-after_title reset-last-child  wd-fontsize-s\">Wir kaufen gebrauchte Antriebssysteme und Ersatzteile.<\/div>\n\t\t\t\n\t\t\t\n\t\t<\/div>\n\t\t\n\t\t[\/vc_column][\/vc_row][vc_row content_placement=&#8220;middle&#8220; css=&#8220;.vc_custom_1770311637665{background-color: #2C427E !important;border-radius: 10px !important;}&#8220; woodmart_css_id=&#8220;6984cfd16bdfe&#8220; responsive_spacing=&#8220;eyJwYXJhbV90eXBlIjoid29vZG1hcnRfcmVzcG9uc2l2ZV9zcGFjaW5nIiwic2VsZWN0b3JfaWQiOiI2OTg0Y2ZkMTZiZGZlIiwic2hvcnRjb2RlIjoidmNfcm93IiwiZGF0YSI6eyJ0YWJsZXQiOnt9LCJtb2JpbGUiOnt9fX0=&#8220; mobile_bg_img_hidden=&#8220;no&#8220; tablet_bg_img_hidden=&#8220;no&#8220; woodmart_parallax=&#8220;0&#8243; woodmart_gradient_switch=&#8220;no&#8220; woodmart_box_shadow=&#8220;no&#8220; wd_z_index=&#8220;no&#8220; woodmart_disable_overflow=&#8220;0&#8243; row_reverse_mobile=&#8220;0&#8243; row_reverse_tablet=&#8220;0&#8243; el_id=&#8220;Box&#8220; min_height=&#8220;425px&#8220;][vc_column woodmart_css_id=&#8220;6984cfa7155d1&#8243; wd_column_role_offcanvas_desktop=&#8220;no&#8220; wd_column_role_offcanvas_tablet=&#8220;no&#8220; wd_column_role_offcanvas_mobile=&#8220;no&#8220; wd_column_role_content_desktop=&#8220;no&#8220; wd_column_role_content_tablet=&#8220;no&#8220; wd_column_role_content_mobile=&#8220;no&#8220; mobile_bg_img_hidden=&#8220;no&#8220; tablet_bg_img_hidden=&#8220;no&#8220; woodmart_parallax=&#8220;0&#8243; woodmart_box_shadow=&#8220;no&#8220; responsive_spacing=&#8220;eyJwYXJhbV90eXBlIjoid29vZG1hcnRfcmVzcG9uc2l2ZV9zcGFjaW5nIiwic2VsZWN0b3JfaWQiOiI2OTg0Y2ZhNzE1NWQxIiwic2hvcnRjb2RlIjoidmNfY29sdW1uIiwiZGF0YSI6eyJ0YWJsZXQiOnt9LCJtb2JpbGUiOnt9fX0=&#8220; mobile_reset_margin=&#8220;no&#8220; tablet_reset_margin=&#8220;no&#8220; wd_z_index=&#8220;no&#8220; offset=&#8220;vc_col-lg-3\/5 vc_col-md-3\/5 vc_col-xs-12&#8243; parallax_scroll=&#8220;no&#8220; woodmart_sticky_column=&#8220;false&#8220; wd_collapsible_content_switcher=&#8220;no&#8220;]\t\t\t<div class=\"info-box-wrapper\">\n\t\t\t\t<div id=\"wd-688782fc44c05\" class=\" wd-rs-688782fc44c05 wd-info-box wd-wpb text-left box-icon-align-top box-style-border color-scheme- wd-bg-none with-btn box-btn-static \">\n\t\t\t\t\t\t\t\t\t\t<div class=\"info-box-content\">\n\t\t\t\t\t\t<h4 class=\"info-box-title title box-title-style-default wd-fontsize-m\">Ist Ihr gebrauchtes Antriebssystem mehr wert als Schrott? Wir k\u00f6nnen helfen! <\/h4>\t\t\t\t\t\t<div class=\"info-box-inner reset-last-child\"><\/p>\n<p style=\"font-weight: 400;\">Haben Sie ein gebrauchtes Antriebssystem oder Ersatzteile und fragen sich, ob diese verschrottet werden sollten oder ob sie mehr wert sind?<\/p>\n<p data-start=\"203\" data-end=\"388\">DWG ist stets bem\u00fcht, seinen Bestand an <strong data-start=\"343\" data-end=\"387\">gebrauchten Systemen und Komponenten<\/strong> zu erweitern.<\/p>\n<p data-start=\"390\" data-end=\"599\">Ob es sich um einen kompletten Ruderpropeller, ein Getriebe oder lose mechanische oder hydraulische Teile handelt.<\/p>\n<p>\n<\/div>\n\n\t\t\t\t\t\t<div class=\"info-btn-wrapper\"><div id=\"wd-69fb50f47451f\" class=\"  wd-button-wrapper text-left\"><a href=\"https:\/\/dev.dwgtrading.com\/de\/kontakt\/\" title=\"\" class=\"btn btn-color-alt btn-style-default btn-shape-round btn-size-default btn-icon-pos-right\">Kontaktieren Sie uns<span class=\"wd-btn-icon\"><span class=\"wd-icon fa fa-solid fa-fan\"><\/span><\/span><\/a><\/div><\/div>\t\t\t\t\t<\/div>\n\n\t\t\t\t\t\n\t\t\t\t\t<style><\/style>\t\t\t\t<\/div>\n\t\t\t<\/div>\n\t\t[\/vc_column][vc_column woodmart_bg_position=&#8220;center-center&#8220; css=&#8220;.vc_custom_1770644068393{padding-top: 0px !important;padding-right: 0px !important;padding-bottom: 0px !important;background-color: #2E4E6C00 !important;background-position: 0 0 !important;background-repeat: no-repeat !important;border-color: #FFFFFF !important;}&#8220; woodmart_css_id=&#8220;6989e257f0cb4&#8243; parallax_scroll=&#8220;no&#8220; woodmart_sticky_column=&#8220;false&#8220; wd_collapsible_content_switcher=&#8220;no&#8220; wd_column_role_offcanvas_desktop=&#8220;no&#8220; wd_column_role_offcanvas_tablet=&#8220;no&#8220; wd_column_role_offcanvas_mobile=&#8220;no&#8220; wd_column_role_content_desktop=&#8220;no&#8220; wd_column_role_content_tablet=&#8220;no&#8220; wd_column_role_content_mobile=&#8220;no&#8220; mobile_bg_img_hidden=&#8220;no&#8220; tablet_bg_img_hidden=&#8220;no&#8220; woodmart_parallax=&#8220;0&#8243; woodmart_box_shadow=&#8220;no&#8220; responsive_spacing=&#8220;eyJwYXJhbV90eXBlIjoid29vZG1hcnRfcmVzcG9uc2l2ZV9zcGFjaW5nIiwic2VsZWN0b3JfaWQiOiI2OTg5ZTI1N2YwY2I0Iiwic2hvcnRjb2RlIjoidmNfY29sdW1uIiwiZGF0YSI6eyJ0YWJsZXQiOnsicGFkZGluZy10b3AiOiIxMCIsInBhZGRpbmctcmlnaHQiOiIxMCIsInBhZGRpbmctYm90dG9tIjoiMTAiLCJwYWRkaW5nLWxlZnQiOiIxMCJ9LCJtb2JpbGUiOnsibWFyZ2luLXRvcCI6IjEwcHgiLCJwYWRkaW5nLXRvcCI6IjEwIiwicGFkZGluZy1yaWdodCI6IjEwIiwicGFkZGluZy1ib3R0b20iOiIxMCIsInBhZGRpbmctbGVmdCI6IjEwIn19fQ==&#8220; mobile_reset_margin=&#8220;no&#8220; tablet_reset_margin=&#8220;no&#8220; wd_z_index=&#8220;no&#8220; offset=&#8220;vc_col-lg-2\/5 vc_col-md-2\/5 vc_col-xs-12&#8243;][vc_single_image image=&#8220;43404&#8243; img_size=&#8220;532&#215;450&#8243; alignment=&#8220;center&#8220; css=&#8220;.vc_custom_1770643822499{margin-bottom: 0px !important;}&#8220; parallax_scroll=&#8220;no&#8220; woodmart_inline=&#8220;no&#8220;][\/vc_column][\/vc_row][\/vc_section][vc_section woodmart_stretch_content=&#8220;section-stretch&#8220; woodmart_css_id=&#8220;683dc28630b72&#8243; responsive_spacing=&#8220;eyJwYXJhbV90eXBlIjoid29vZG1hcnRfcmVzcG9uc2l2ZV9zcGFjaW5nIiwic2VsZWN0b3JfaWQiOiI2ODNkYzI4NjMwYjcyIiwic2hvcnRjb2RlIjoidmNfc2VjdGlvbiIsImRhdGEiOnsidGFibGV0Ijp7fSwibW9iaWxlIjp7fX19&#8243; mobile_bg_img_hidden=&#8220;no&#8220; tablet_bg_img_hidden=&#8220;no&#8220; woodmart_parallax=&#8220;0&#8243; woodmart_gradient_switch=&#8220;no&#8220; woodmart_box_shadow=&#8220;no&#8220; wd_z_index=&#8220;no&#8220; woodmart_disable_overflow=&#8220;0&#8243; css=&#8220;.vc_custom_1748877963232{padding-top: 60px !important;padding-bottom: 60px !important;background-color: #F3F3F300 !important;}&#8220;][vc_row content_placement=&#8220;middle&#8220; woodmart_css_id=&#8220;683dc97027cfd&#8220; responsive_spacing=&#8220;eyJwYXJhbV90eXBlIjoid29vZG1hcnRfcmVzcG9uc2l2ZV9zcGFjaW5nIiwic2VsZWN0b3JfaWQiOiI2ODNkYzk3MDI3Y2ZkIiwic2hvcnRjb2RlIjoidmNfcm93IiwiZGF0YSI6eyJ0YWJsZXQiOnt9LCJtb2JpbGUiOnt9fX0=&#8220; mobile_bg_img_hidden=&#8220;no&#8220; tablet_bg_img_hidden=&#8220;no&#8220; woodmart_parallax=&#8220;0&#8243; woodmart_gradient_switch=&#8220;no&#8220; woodmart_box_shadow=&#8220;no&#8220; wd_z_index=&#8220;no&#8220; woodmart_disable_overflow=&#8220;0&#8243; row_reverse_mobile=&#8220;1&#8243; row_reverse_tablet=&#8220;0&#8243;][vc_column woodmart_css_id=&#8220;683dca35818ad&#8220; parallax_scroll=&#8220;no&#8220; woodmart_sticky_column=&#8220;false&#8220; wd_collapsible_content_switcher=&#8220;no&#8220; wd_column_role_offcanvas_desktop=&#8220;no&#8220; wd_column_role_offcanvas_tablet=&#8220;no&#8220; wd_column_role_offcanvas_mobile=&#8220;no&#8220; wd_column_role_content_desktop=&#8220;no&#8220; wd_column_role_content_tablet=&#8220;no&#8220; wd_column_role_content_mobile=&#8220;no&#8220; mobile_bg_img_hidden=&#8220;no&#8220; tablet_bg_img_hidden=&#8220;no&#8220; woodmart_parallax=&#8220;0&#8243; woodmart_box_shadow=&#8220;no&#8220; responsive_spacing=&#8220;eyJwYXJhbV90eXBlIjoid29vZG1hcnRfcmVzcG9uc2l2ZV9zcGFjaW5nIiwic2VsZWN0b3JfaWQiOiI2ODNkY2EzNTgxOGFkIiwic2hvcnRjb2RlIjoidmNfY29sdW1uIiwiZGF0YSI6eyJ0YWJsZXQiOnt9LCJtb2JpbGUiOnt9fX0=&#8220; mobile_reset_margin=&#8220;no&#8220; tablet_reset_margin=&#8220;no&#8220; wd_z_index=&#8220;no&#8220; offset=&#8220;vc_col-lg-2\/5 vc_col-md-2\/5 vc_col-xs-12&#8243;][vc_single_image image=&#8220;338&#8243; img_size=&#8220;full&#8220; alignment=&#8220;center&#8220; css=&#8220;.vc_custom_1752485696927{margin-bottom: 15px !important;}&#8220; parallax_scroll=&#8220;no&#8220; woodmart_inline=&#8220;no&#8220;][\/vc_column][vc_column woodmart_css_id=&#8220;683dca47a60d3&#8243; parallax_scroll=&#8220;no&#8220; woodmart_sticky_column=&#8220;false&#8220; wd_collapsible_content_switcher=&#8220;no&#8220; wd_column_role_offcanvas_desktop=&#8220;no&#8220; wd_column_role_offcanvas_tablet=&#8220;no&#8220; wd_column_role_offcanvas_mobile=&#8220;no&#8220; wd_column_role_content_desktop=&#8220;no&#8220; wd_column_role_content_tablet=&#8220;no&#8220; wd_column_role_content_mobile=&#8220;no&#8220; mobile_bg_img_hidden=&#8220;no&#8220; tablet_bg_img_hidden=&#8220;no&#8220; woodmart_parallax=&#8220;0&#8243; woodmart_box_shadow=&#8220;no&#8220; responsive_spacing=&#8220;eyJwYXJhbV90eXBlIjoid29vZG1hcnRfcmVzcG9uc2l2ZV9zcGFjaW5nIiwic2VsZWN0b3JfaWQiOiI2ODNkY2E0N2E2MGQzIiwic2hvcnRjb2RlIjoidmNfY29sdW1uIiwiZGF0YSI6eyJ0YWJsZXQiOnt9LCJtb2JpbGUiOnt9fX0=&#8220; mobile_reset_margin=&#8220;no&#8220; tablet_reset_margin=&#8220;no&#8220; wd_z_index=&#8220;no&#8220; offset=&#8220;vc_col-lg-3\/5 vc_col-md-3\/5 vc_col-xs-12&#8243;]\t\t\t<div class=\"info-box-wrapper\">\n\t\t\t\t<div id=\"wd-688783250964d\" class=\" wd-rs-688783250964d wd-info-box wd-wpb text-left box-icon-align-left box-style-border color-scheme- wd-bg-none wd-items-middle with-btn box-btn-static \">\n\t\t\t\t\t\t\t\t\t\t<div class=\"info-box-content\">\n\t\t\t\t\t\t<h4 class=\"info-box-title title box-title-style-default wd-fontsize-m\">Wir helfen Ihnen, Werte zu erschlie\u00dfen<\/h4>\t\t\t\t\t\t<div class=\"info-box-inner reset-last-child\"><\/p>\n<p data-start=\"156\" data-end=\"393\">Wenn Sie <strong data-start=\"168\" data-end=\"205\">Antriebssysteme oder Ersatzteile<\/strong> haben, die Sie verkaufen m\u00f6chten, w\u00fcrden wir uns freuen, von Ihnen zu h\u00f6ren. Dank unseres <strong data-start=\"272\" data-end=\"300\">umfangreichen globalen Netzwerks<\/strong> k\u00f6nnen wir Sie mit potenziellen K\u00e4ufern in Verbindung bringen &#8211; oder wir k\u00f6nnen die Ger\u00e4te sogar selbst kaufen. <\/p>\n<p data-start=\"395\" data-end=\"505\">Wir sind immer auf der Suche nach hochwertigen gebrauchten Systemen und Komponenten, um die Bed\u00fcrfnisse unserer Kunden weltweit zu erf\u00fcllen.<\/p>\n<p data-start=\"507\" data-end=\"605\">Lassen Sie uns Ihnen helfen, den <strong data-start=\"531\" data-end=\"545\">besten Wert<\/strong> aus Ihren alten Ger\u00e4ten herauszuholen &#8211; schnell, fair und ohne Probleme.<\/p>\n<p>\n<\/div>\n\n\t\t\t\t\t\t<div class=\"info-btn-wrapper\"><div id=\"wd-69fb50f4745b1\" class=\"  wd-button-wrapper text-left\"><a  class=\"btn btn-color-alt btn-style-default btn-shape-round btn-size-default btn-icon-pos-right\">Kontaktieren Sie uns<span class=\"wd-btn-icon\"><span class=\"wd-icon fa fa-solid fa-fan\"><\/span><\/span><\/a><\/div><\/div>\t\t\t\t\t<\/div>\n\n\t\t\t\t\t\n\t\t\t\t\t<style><\/style>\t\t\t\t<\/div>\n\t\t\t<\/div>\n\t\t[\/vc_column][\/vc_row][\/vc_section]<\/p>\n<\/div>","protected":false},"excerpt":{"rendered":"<p>[vc_section woodmart_stretch_content=&#8220;section-stretch&#8220; woodmart_css_id=&#8220;6864fa688a1ee&#8220; responsive_spacing=&#8220;eyJwYXJhbV90eXBlIjoid29vZG1hcnRfcmVzcG9uc2l2ZV9zcGFjaW5nIiwic2VsZWN0b3JfaWQiOiI2ODY0ZmE2ODhhMWVlIiwic2hvcnRjb2RlIjoidmNfc2VjdGlvbiIsImRhdGEiOnsidGFibGV0Ijp7InBhZGRpbmctYm90dG9tIjoiMHB4In0sIm1vYmlsZSI6eyJwYWRkaW5nLWJvdHRvbSI6IjBweCJ9fX0=&#8220; mobile_bg_img_hidden=&#8220;no&#8220; tablet_bg_img_hidden=&#8220;no&#8220; woodmart_parallax=&#8220;0&#8243; woodmart_gradient_switch=&#8220;no&#8220; woodmart_box_shadow=&#8220;no&#8220; wd_z_index=&#8220;no&#8220; woodmart_disable_overflow=&#8220;0&#8243; css=&#8220;.vc_custom_1751448177043{padding-bottom: 20px !important;background-color: #F3F3F3 !important;}&#8220; el_id=&#8220;top&#8220;][vc_row css=&#8220;.vc_custom_1742824586723{margin-bottom: 40px !important;background-color:<\/p>\n","protected":false},"author":3,"featured_media":0,"parent":0,"menu_order":0,"comment_status":"closed","ping_status":"closed","template":"","meta":{"footnotes":""},"class_list":["post-43600","page","type-page","status-publish","hentry"],"yoast_head":"<!-- This site is optimized with the Yoast SEO plugin v27.5 - https:\/\/yoast.com\/product\/yoast-seo-wordpress\/ -->\n<title>Kaufen - DWG Trading<\/title>\n<meta name=\"robots\" content=\"index, follow, max-snippet:-1, max-image-preview:large, max-video-preview:-1\" \/>\n<link rel=\"canonical\" href=\"https:\/\/dwgtrading.com\/de\/kaufen\/\" \/>\n<meta property=\"og:locale\" content=\"de_DE\" \/>\n<meta property=\"og:type\" content=\"article\" \/>\n<meta property=\"og:title\" content=\"Kaufen - DWG Trading\" \/>\n<meta property=\"og:description\" content=\"[vc_section woodmart_stretch_content=&#8220;section-stretch&#8220; woodmart_css_id=&#8220;6864fa688a1ee&#8220; responsive_spacing=&#8220;eyJwYXJhbV90eXBlIjoid29vZG1hcnRfcmVzcG9uc2l2ZV9zcGFjaW5nIiwic2VsZWN0b3JfaWQiOiI2ODY0ZmE2ODhhMWVlIiwic2hvcnRjb2RlIjoidmNfc2VjdGlvbiIsImRhdGEiOnsidGFibGV0Ijp7InBhZGRpbmctYm90dG9tIjoiMHB4In0sIm1vYmlsZSI6eyJwYWRkaW5nLWJvdHRvbSI6IjBweCJ9fX0=&#8220; mobile_bg_img_hidden=&#8220;no&#8220; tablet_bg_img_hidden=&#8220;no&#8220; woodmart_parallax=&#8220;0&#8243; woodmart_gradient_switch=&#8220;no&#8220; woodmart_box_shadow=&#8220;no&#8220; wd_z_index=&#8220;no&#8220; woodmart_disable_overflow=&#8220;0&#8243; css=&#8220;.vc_custom_1751448177043{padding-bottom: 20px !important;background-color: #F3F3F3 !important;}&#8220; el_id=&#8220;top&#8220;][vc_row css=&#8220;.vc_custom_1742824586723{margin-bottom: 40px !important;background-color:\" \/>\n<meta property=\"og:url\" content=\"https:\/\/dwgtrading.com\/de\/kaufen\/\" \/>\n<meta property=\"og:site_name\" content=\"DWG Trading\" \/>\n<meta property=\"article:modified_time\" content=\"2026-02-09T15:23:27+00:00\" \/>\n<meta name=\"twitter:card\" content=\"summary_large_image\" \/>\n<meta name=\"twitter:label1\" content=\"Gesch\u00e4tzte Lesezeit\" \/>\n\t<meta name=\"twitter:data1\" content=\"9\u00a0Minuten\" \/>\n<script type=\"application\/ld+json\" class=\"yoast-schema-graph\">{\"@context\":\"https:\\\/\\\/schema.org\",\"@graph\":[{\"@type\":\"WebPage\",\"@id\":\"https:\\\/\\\/dwgtrading.com\\\/de\\\/kaufen\\\/\",\"url\":\"https:\\\/\\\/dwgtrading.com\\\/de\\\/kaufen\\\/\",\"name\":\"Kaufen - DWG Trading\",\"isPartOf\":{\"@id\":\"https:\\\/\\\/dwgtrading.com\\\/de\\\/#website\"},\"datePublished\":\"2025-03-20T13:09:47+00:00\",\"dateModified\":\"2026-02-09T15:23:27+00:00\",\"breadcrumb\":{\"@id\":\"https:\\\/\\\/dwgtrading.com\\\/de\\\/kaufen\\\/#breadcrumb\"},\"inLanguage\":\"de\",\"potentialAction\":[{\"@type\":\"ReadAction\",\"target\":[\"https:\\\/\\\/dwgtrading.com\\\/de\\\/kaufen\\\/\"]}]},{\"@type\":\"BreadcrumbList\",\"@id\":\"https:\\\/\\\/dwgtrading.com\\\/de\\\/kaufen\\\/#breadcrumb\",\"itemListElement\":[{\"@type\":\"ListItem\",\"position\":1,\"name\":\"Home\",\"item\":\"https:\\\/\\\/dwgtrading.com\\\/de\\\/\"},{\"@type\":\"ListItem\",\"position\":2,\"name\":\"Kaufen\"}]},{\"@type\":\"WebSite\",\"@id\":\"https:\\\/\\\/dwgtrading.com\\\/de\\\/#website\",\"url\":\"https:\\\/\\\/dwgtrading.com\\\/de\\\/\",\"name\":\"DWG Trading\",\"description\":\"DWG-supplies &amp; services\",\"potentialAction\":[{\"@type\":\"SearchAction\",\"target\":{\"@type\":\"EntryPoint\",\"urlTemplate\":\"https:\\\/\\\/dwgtrading.com\\\/de\\\/?s={search_term_string}\"},\"query-input\":{\"@type\":\"PropertyValueSpecification\",\"valueRequired\":true,\"valueName\":\"search_term_string\"}}],\"inLanguage\":\"de\"}]}<\/script>\n<!-- \/ Yoast SEO plugin. -->","yoast_head_json":{"title":"Kaufen - DWG Trading","robots":{"index":"index","follow":"follow","max-snippet":"max-snippet:-1","max-image-preview":"max-image-preview:large","max-video-preview":"max-video-preview:-1"},"canonical":"https:\/\/dwgtrading.com\/de\/kaufen\/","og_locale":"de_DE","og_type":"article","og_title":"Kaufen - DWG Trading","og_description":"[vc_section woodmart_stretch_content=&#8220;section-stretch&#8220; woodmart_css_id=&#8220;6864fa688a1ee&#8220; responsive_spacing=&#8220;eyJwYXJhbV90eXBlIjoid29vZG1hcnRfcmVzcG9uc2l2ZV9zcGFjaW5nIiwic2VsZWN0b3JfaWQiOiI2ODY0ZmE2ODhhMWVlIiwic2hvcnRjb2RlIjoidmNfc2VjdGlvbiIsImRhdGEiOnsidGFibGV0Ijp7InBhZGRpbmctYm90dG9tIjoiMHB4In0sIm1vYmlsZSI6eyJwYWRkaW5nLWJvdHRvbSI6IjBweCJ9fX0=&#8220; mobile_bg_img_hidden=&#8220;no&#8220; tablet_bg_img_hidden=&#8220;no&#8220; woodmart_parallax=&#8220;0&#8243; woodmart_gradient_switch=&#8220;no&#8220; woodmart_box_shadow=&#8220;no&#8220; wd_z_index=&#8220;no&#8220; woodmart_disable_overflow=&#8220;0&#8243; css=&#8220;.vc_custom_1751448177043{padding-bottom: 20px !important;background-color: #F3F3F3 !important;}&#8220; el_id=&#8220;top&#8220;][vc_row css=&#8220;.vc_custom_1742824586723{margin-bottom: 40px !important;background-color:","og_url":"https:\/\/dwgtrading.com\/de\/kaufen\/","og_site_name":"DWG Trading","article_modified_time":"2026-02-09T15:23:27+00:00","twitter_card":"summary_large_image","twitter_misc":{"Gesch\u00e4tzte Lesezeit":"9\u00a0Minuten"},"schema":{"@context":"https:\/\/schema.org","@graph":[{"@type":"WebPage","@id":"https:\/\/dwgtrading.com\/de\/kaufen\/","url":"https:\/\/dwgtrading.com\/de\/kaufen\/","name":"Kaufen - DWG Trading","isPartOf":{"@id":"https:\/\/dwgtrading.com\/de\/#website"},"datePublished":"2025-03-20T13:09:47+00:00","dateModified":"2026-02-09T15:23:27+00:00","breadcrumb":{"@id":"https:\/\/dwgtrading.com\/de\/kaufen\/#breadcrumb"},"inLanguage":"de","potentialAction":[{"@type":"ReadAction","target":["https:\/\/dwgtrading.com\/de\/kaufen\/"]}]},{"@type":"BreadcrumbList","@id":"https:\/\/dwgtrading.com\/de\/kaufen\/#breadcrumb","itemListElement":[{"@type":"ListItem","position":1,"name":"Home","item":"https:\/\/dwgtrading.com\/de\/"},{"@type":"ListItem","position":2,"name":"Kaufen"}]},{"@type":"WebSite","@id":"https:\/\/dwgtrading.com\/de\/#website","url":"https:\/\/dwgtrading.com\/de\/","name":"DWG Trading","description":"DWG-supplies &amp; services","potentialAction":[{"@type":"SearchAction","target":{"@type":"EntryPoint","urlTemplate":"https:\/\/dwgtrading.com\/de\/?s={search_term_string}"},"query-input":{"@type":"PropertyValueSpecification","valueRequired":true,"valueName":"search_term_string"}}],"inLanguage":"de"}]}},"_links":{"self":[{"href":"https:\/\/dwgtrading.com\/de\/wp-json\/wp\/v2\/pages\/43600","targetHints":{"allow":["GET"]}}],"collection":[{"href":"https:\/\/dwgtrading.com\/de\/wp-json\/wp\/v2\/pages"}],"about":[{"href":"https:\/\/dwgtrading.com\/de\/wp-json\/wp\/v2\/types\/page"}],"author":[{"embeddable":true,"href":"https:\/\/dwgtrading.com\/de\/wp-json\/wp\/v2\/users\/3"}],"replies":[{"embeddable":true,"href":"https:\/\/dwgtrading.com\/de\/wp-json\/wp\/v2\/comments?post=43600"}],"version-history":[{"count":3,"href":"https:\/\/dwgtrading.com\/de\/wp-json\/wp\/v2\/pages\/43600\/revisions"}],"predecessor-version":[{"id":43603,"href":"https:\/\/dwgtrading.com\/de\/wp-json\/wp\/v2\/pages\/43600\/revisions\/43603"}],"wp:attachment":[{"href":"https:\/\/dwgtrading.com\/de\/wp-json\/wp\/v2\/media?parent=43600"}],"curies":[{"name":"wp","href":"https:\/\/api.w.org\/{rel}","templated":true}]}}